{"id":3969,"date":"2024-04-10T14:27:32","date_gmt":"2024-04-10T12:27:32","guid":{"rendered":"https:\/\/www.waterjetcorp.com\/cataloghi\/"},"modified":"2025-08-07T09:59:27","modified_gmt":"2025-08-07T07:59:27","slug":"kataloge","status":"publish","type":"page","link":"https:\/\/www.waterjetcorp.com\/de\/kataloge\/","title":{"rendered":"Kataloge"},"content":{"rendered":"<p class=\"big\">Willkommen im Download-Bereich. Hier finden Sie alle unsere aktuellen Kataloge mit ausf\u00fchrlichen Informationen \u00fcber unsere Produkte und Dienstleistungen. W\u00e4hlen Sie den Katalog, der Sie interessiert, und laden Sie ihn mit einem einfachen Klick herunter.<\/p>\n","protected":false},"excerpt":{"rendered":"<p>Willkommen im Download-Bereich. Hier finden Sie alle unsere aktuellen Kataloge mit ausf\u00fchrlichen Informationen \u00fcber unsere Produkte und Dienstleistungen&#8230;.<\/p>\n","protected":false},"author":1,"featured_media":3971,"parent":0,"menu_order":0,"comment_status":"closed","ping_status":"closed","template":"page-cataloghi.php","meta":{"_acf_changed":false,"footnotes":""},"class_list":["post-3969","page","type-page","status-publish","has-post-thumbnail","hentry"],"acf":[],"aioseo_notices":[],"_links":{"self":[{"href":"https:\/\/www.waterjetcorp.com\/de\/wp-json\/wp\/v2\/pages\/3969","targetHints":{"allow":["GET"]}}],"collection":[{"href":"https:\/\/www.waterjetcorp.com\/de\/wp-json\/wp\/v2\/pages"}],"about":[{"href":"https:\/\/www.waterjetcorp.com\/de\/wp-json\/wp\/v2\/types\/page"}],"author":[{"embeddable":true,"href":"https:\/\/www.waterjetcorp.com\/de\/wp-json\/wp\/v2\/users\/1"}],"replies":[{"embeddable":true,"href":"https:\/\/www.waterjetcorp.com\/de\/wp-json\/wp\/v2\/comments?post=3969"}],"version-history":[{"count":6,"href":"https:\/\/www.waterjetcorp.com\/de\/wp-json\/wp\/v2\/pages\/3969\/revisions"}],"predecessor-version":[{"id":5650,"href":"https:\/\/www.waterjetcorp.com\/de\/wp-json\/wp\/v2\/pages\/3969\/revisions\/5650"}],"wp:featuredmedia":[{"embeddable":true,"href":"https:\/\/www.waterjetcorp.com\/de\/wp-json\/wp\/v2\/media\/3971"}],"wp:attachment":[{"href":"https:\/\/www.waterjetcorp.com\/de\/wp-json\/wp\/v2\/media?parent=3969"}],"curies":[{"name":"wp","href":"https:\/\/api.w.org\/{rel}","templated":true}]}}