{"id":3973,"date":"2024-04-08T11:18:57","date_gmt":"2024-04-08T09:18:57","guid":{"rendered":"https:\/\/www.waterjetcorp.com\/certificazioni\/"},"modified":"2025-07-03T14:04:30","modified_gmt":"2025-07-03T12:04:30","slug":"zertifizierungen","status":"publish","type":"page","link":"https:\/\/www.waterjetcorp.com\/de\/zertifizierungen\/","title":{"rendered":"Zertifizierungen"},"content":{"rendered":"<h2>Zertifizierungen<\/h2>\n<p>Die internen Qualit\u00e4tskontrollprozesse durchlaufen strenge Pr\u00fcf- und Inspektionsverfahren unter Verwendung der besten Werkzeuge von Renishaw.<br \/>\nWaterjet hat die <strong>Norm ISO 9001-2015<\/strong> in seinen Produktionszyklus integriert, um die Produktions- und Produktqualit\u00e4t f\u00fcr seine Kunden zu zertifizieren.<br \/>\nAlle Waterjet-Maschinen verf\u00fcgen \u00fcber ein eigenes <strong>Dokument zur abschlie\u00dfenden Qualit\u00e4tskontrolle<\/strong>, in dem die Pr\u00e4zision und die Wiederholgenauigkeit gem\u00e4\u00df den garantierten Toleranzen best\u00e4tigt werden.<\/p>\n<div class=\"cert-tuv uk-grid uk-grid-medium\">\n<figure><img decoding=\"async\" class=\"alignnone size-full wp-image-1891 lazyload\" src=\"data:image\/gif;base64,R0lGODlhAQABAIAAAAAAAP\/\/\/yH5BAEAAAAALAAAAAABAAEAAAIBRAA7\" data-src=\"https:\/\/www.waterjetcorp.com\/wp-content\/uploads\/TUV_LOGO.svg\" alt=\"TUV LOGO\" width=\"110\" height=\"110\" \/><noscript><img decoding=\"async\" class=\"alignnone size-full wp-image-1891 lazyload\" src=\"https:\/\/www.waterjetcorp.com\/wp-content\/uploads\/TUV_LOGO.svg\" alt=\"TUV LOGO\" width=\"110\" height=\"110\" \/><\/noscript><\/figure>\n<div class=\"testo-tuv\"><strong>T\u00dcV S\u00dcD certification<\/strong><br \/>\nZertifizierung T\u00dcV S\u00dcD<\/p>\n<h2>SNF-ZERTIFIZIERUNG &#8211; GOURMET-LINIE<\/h2>\n<p>Es bescheinigt die Einhaltung der h\u00f6chsten Standards in Bezug auf Hygiene, Sicherheit und Leistung im Lebensmittelsektor.<br \/>\nDiese Zertifizierung stellt einen wichtigen Meilenstein f\u00fcr die Waterjet Corporation dar und best\u00e4tigt das kontinuierliche Engagement des Unternehmens bei der Suche nach innovativen L\u00f6sungen f\u00fcr Gastronomiebetriebe.<\/p>\n<figure><img decoding=\"async\" class=\"wp-image-5424 alignnone lazyload\" src=\"data:image\/gif;base64,R0lGODlhAQABAIAAAAAAAP\/\/\/yH5BAEAAAAALAAAAAABAAEAAAIBRAA7\" data-src=\"https:\/\/www.waterjetcorp.com\/wp-content\/uploads\/MARK-300x298.png\" alt=\"CERTIFICATO NSF\" width=\"112\" height=\"111\" \/><noscript><img decoding=\"async\" class=\"wp-image-5424 alignnone lazyload\" src=\"https:\/\/www.waterjetcorp.com\/wp-content\/uploads\/MARK-300x298.png\" alt=\"CERTIFICATO NSF\" width=\"112\" height=\"111\" srcset=\"https:\/\/www.waterjetcorp.com\/wp-content\/uploads\/MARK-300x298.png 300w, https:\/\/www.waterjetcorp.com\/wp-content\/uploads\/MARK-150x150.png 150w, https:\/\/www.waterjetcorp.com\/wp-content\/uploads\/MARK-506x506.png 506w, https:\/\/www.waterjetcorp.com\/wp-content\/uploads\/MARK-233x231.png 233w, https:\/\/www.waterjetcorp.com\/wp-content\/uploads\/MARK-518x514.png 518w, https:\/\/www.waterjetcorp.com\/wp-content\/uploads\/MARK-435x435.png 435w, https:\/\/www.waterjetcorp.com\/wp-content\/uploads\/MARK-288x288.png 288w, https:\/\/www.waterjetcorp.com\/wp-content\/uploads\/MARK.png 529w\" sizes=\"(max-width: 112px) 100vw, 112px\" \/><\/noscript><\/figure>\n<\/div>\n<\/div>\n<h2><\/h2>\n<h2>Patente<\/h2>\n<p>Die gro\u00dfe Innovationskraft der Waterjet-Produktion hat dazu gef\u00fchrt, dass das Unternehmen drei wichtige Patente angemeldet hat.<\/p>\n<h3>Das PATENT EU NR. DE 20 2007 012 572 U1<\/h3>\n<p>4-Achsen-Technologie I.T.C.TM (Intelligent Taper Control) f\u00fcr die Kompensation der Konizit\u00e4t.<\/p>\n<h3>Das PATENT EU NR. CH 701 319 A2<\/h3>\n<p>System mit Endlosrotation f\u00fcr geneigtes 2D- und 3D-Schneiden mit 5 Achsen.<\/p>\n<h3>EU-PATENT NR. EP 3 951 168 A1<\/h3>\n<p>Hybridpumpe mit Servo-Intensivierer.<\/p>\n","protected":false},"excerpt":{"rendered":"<p>Zertifizierungen Die internen Qualit\u00e4tskontrollprozesse durchlaufen strenge Pr\u00fcf- und Inspektionsverfahren unter Verwendung der besten Werkzeuge von Renishaw. Waterjet hat&#8230;<\/p>\n","protected":false},"author":1,"featured_media":3971,"parent":0,"menu_order":0,"comment_status":"closed","ping_status":"closed","template":"page-certificazioni.php","meta":{"_acf_changed":false,"footnotes":""},"class_list":["post-3973","page","type-page","status-publish","has-post-thumbnail","hentry"],"acf":[],"aioseo_notices":[],"_links":{"self":[{"href":"https:\/\/www.waterjetcorp.com\/de\/wp-json\/wp\/v2\/pages\/3973","targetHints":{"allow":["GET"]}}],"collection":[{"href":"https:\/\/www.waterjetcorp.com\/de\/wp-json\/wp\/v2\/pages"}],"about":[{"href":"https:\/\/www.waterjetcorp.com\/de\/wp-json\/wp\/v2\/types\/page"}],"author":[{"embeddable":true,"href":"https:\/\/www.waterjetcorp.com\/de\/wp-json\/wp\/v2\/users\/1"}],"replies":[{"embeddable":true,"href":"https:\/\/www.waterjetcorp.com\/de\/wp-json\/wp\/v2\/comments?post=3973"}],"version-history":[{"count":6,"href":"https:\/\/www.waterjetcorp.com\/de\/wp-json\/wp\/v2\/pages\/3973\/revisions"}],"predecessor-version":[{"id":5566,"href":"https:\/\/www.waterjetcorp.com\/de\/wp-json\/wp\/v2\/pages\/3973\/revisions\/5566"}],"wp:featuredmedia":[{"embeddable":true,"href":"https:\/\/www.waterjetcorp.com\/de\/wp-json\/wp\/v2\/media\/3971"}],"wp:attachment":[{"href":"https:\/\/www.waterjetcorp.com\/de\/wp-json\/wp\/v2\/media?parent=3973"}],"curies":[{"name":"wp","href":"https:\/\/api.w.org\/{rel}","templated":true}]}}