{"id":3978,"date":"2024-04-04T12:45:26","date_gmt":"2024-04-04T10:45:26","guid":{"rendered":"https:\/\/www.waterjetcorp.com\/stone-glass\/"},"modified":"2024-08-29T14:15:56","modified_gmt":"2024-08-29T12:15:56","slug":"stone-glass","status":"publish","type":"page","link":"https:\/\/www.waterjetcorp.com\/de\/stone-glass\/","title":{"rendered":"Stone &#038; Glass"},"content":{"rendered":"<h2>Marmor<\/h2>\n<p>Intarsien, Bodenbel\u00e4ge, Verkleidungen<\/p>\n<h2>Glas<\/h2>\n<p>Zubeh\u00f6r, Spiegel, Dekorationen, Glasmalerei, Panzerglas, optisches Glas, Bleiglas<\/p>\n<h2>Keramik<\/h2>\n<p>Gegenst\u00e4nde und Einrichtungsst\u00fccke<\/p>\n","protected":false},"excerpt":{"rendered":"<p>Marmor Intarsien, Bodenbel\u00e4ge, Verkleidungen Glas Zubeh\u00f6r, Spiegel, Dekorationen, Glasmalerei, Panzerglas, optisches Glas, Bleiglas Keramik Gegenst\u00e4nde und Einrichtungsst\u00fccke<\/p>\n","protected":false},"author":1,"featured_media":3971,"parent":0,"menu_order":0,"comment_status":"closed","ping_status":"closed","template":"page-cat-applicazioni.php","meta":{"_acf_changed":false,"footnotes":""},"class_list":["post-3978","page","type-page","status-publish","has-post-thumbnail","hentry"],"acf":[],"aioseo_notices":[],"_links":{"self":[{"href":"https:\/\/www.waterjetcorp.com\/de\/wp-json\/wp\/v2\/pages\/3978","targetHints":{"allow":["GET"]}}],"collection":[{"href":"https:\/\/www.waterjetcorp.com\/de\/wp-json\/wp\/v2\/pages"}],"about":[{"href":"https:\/\/www.waterjetcorp.com\/de\/wp-json\/wp\/v2\/types\/page"}],"author":[{"embeddable":true,"href":"https:\/\/www.waterjetcorp.com\/de\/wp-json\/wp\/v2\/users\/1"}],"replies":[{"embeddable":true,"href":"https:\/\/www.waterjetcorp.com\/de\/wp-json\/wp\/v2\/comments?post=3978"}],"version-history":[{"count":1,"href":"https:\/\/www.waterjetcorp.com\/de\/wp-json\/wp\/v2\/pages\/3978\/revisions"}],"predecessor-version":[{"id":4510,"href":"https:\/\/www.waterjetcorp.com\/de\/wp-json\/wp\/v2\/pages\/3978\/revisions\/4510"}],"wp:featuredmedia":[{"embeddable":true,"href":"https:\/\/www.waterjetcorp.com\/de\/wp-json\/wp\/v2\/media\/3971"}],"wp:attachment":[{"href":"https:\/\/www.waterjetcorp.com\/de\/wp-json\/wp\/v2\/media?parent=3978"}],"curies":[{"name":"wp","href":"https:\/\/api.w.org\/{rel}","templated":true}]}}