{"id":3980,"date":"2024-04-03T10:09:43","date_gmt":"2024-04-03T08:09:43","guid":{"rendered":"https:\/\/www.waterjetcorp.com\/accessori-ed-opzioni\/"},"modified":"2024-09-02T09:32:44","modified_gmt":"2024-09-02T07:32:44","slug":"zubehoer-und-optionen","status":"publish","type":"page","link":"https:\/\/www.waterjetcorp.com\/de\/zubehoer-und-optionen\/","title":{"rendered":"Zubeh\u00f6r und Optionen"},"content":{"rendered":"<p>Verf\u00fcgbarkeit einer gro\u00dfen Auswahl an Zubeh\u00f6r, welches integriert und zur Erweiterung der Anwendungen an Ihr System angepasst werden kann. Dies sorgt f\u00fcr eine h\u00f6here Produktivit\u00e4t. (Mehrere Schneidk\u00f6pfe, Rohrbearbeitung, Oberfl\u00e4chenbehandlung,&#8230;).<\/p>\n","protected":false},"excerpt":{"rendered":"<p>Verf\u00fcgbarkeit einer gro\u00dfen Auswahl an Zubeh\u00f6r, welches integriert und zur Erweiterung der Anwendungen an Ihr System angepasst werden&#8230;<\/p>\n","protected":false},"author":1,"featured_media":3967,"parent":0,"menu_order":0,"comment_status":"closed","ping_status":"closed","template":"page-accessori.php","meta":{"_acf_changed":false,"footnotes":""},"class_list":["post-3980","page","type-page","status-publish","has-post-thumbnail","hentry"],"acf":[],"aioseo_notices":[],"_links":{"self":[{"href":"https:\/\/www.waterjetcorp.com\/de\/wp-json\/wp\/v2\/pages\/3980","targetHints":{"allow":["GET"]}}],"collection":[{"href":"https:\/\/www.waterjetcorp.com\/de\/wp-json\/wp\/v2\/pages"}],"about":[{"href":"https:\/\/www.waterjetcorp.com\/de\/wp-json\/wp\/v2\/types\/page"}],"author":[{"embeddable":true,"href":"https:\/\/www.waterjetcorp.com\/de\/wp-json\/wp\/v2\/users\/1"}],"replies":[{"embeddable":true,"href":"https:\/\/www.waterjetcorp.com\/de\/wp-json\/wp\/v2\/comments?post=3980"}],"version-history":[{"count":2,"href":"https:\/\/www.waterjetcorp.com\/de\/wp-json\/wp\/v2\/pages\/3980\/revisions"}],"predecessor-version":[{"id":4643,"href":"https:\/\/www.waterjetcorp.com\/de\/wp-json\/wp\/v2\/pages\/3980\/revisions\/4643"}],"wp:featuredmedia":[{"embeddable":true,"href":"https:\/\/www.waterjetcorp.com\/de\/wp-json\/wp\/v2\/media\/3967"}],"wp:attachment":[{"href":"https:\/\/www.waterjetcorp.com\/de\/wp-json\/wp\/v2\/media?parent=3980"}],"curies":[{"name":"wp","href":"https:\/\/api.w.org\/{rel}","templated":true}]}}