{"id":3994,"date":"2024-03-18T14:35:06","date_gmt":"2024-03-18T13:35:06","guid":{"rendered":"https:\/\/www.waterjetcorp.com\/cookie-policy\/"},"modified":"2024-09-03T10:00:10","modified_gmt":"2024-09-03T08:00:10","slug":"cookie-richtlinie","status":"publish","type":"page","link":"https:\/\/www.waterjetcorp.com\/de\/cookie-richtlinie\/","title":{"rendered":"Cookie-Richtlinie"},"content":{"rendered":"<p>Dieses Dokument informiert Nutzer \u00fcber die Technologien, die diese Website einsetzt, um die unten beschriebenen Zwecke zu erreichen. Diese Technologien erm\u00f6glichen den Zugriff auf oder die Speicherung von Informationen (z. B. durch Einsatz von Cookies) auf dem Ger\u00e4t des Nutzers oder die Nutzung der Datenverarbeitungskapazit\u00e4ten des Ger\u00e4ts, wenn der Nutzer diese Website abruft oder ausf\u00fchrt.<\/p>\n<p>Der Einfachheit halber werden solche Technologien, sofern kein Anlass f\u00fcr eine Differenzierung besteht, innerhalb dieses Dokumentes als \u201eTracker\u201c definiert.<\/p>\n<p>Beispielsweise k\u00f6nnen Cookies zwar sowohl in Web- als auch in Mobilbrowsern zum Einsatz kommen, kommen jedoch als browserbasierte Tacker bei mobilen Apps nicht in Frage. Daher wird in diesem Dokument der Begriff Cookie nur dann verwendet, wenn konkret die Art von Tracker gemeint ist.<\/p>\n<p>Einige der Verarbeitungszwecke, zu denen Tracker eingesetzt werden, erfordern die Einwilligung des Nutzers. Wird die Einwilligung erteilt, so kann sie jederzeit nach dem in diesem Dokument beschriebenen Verfahren frei widerrufen werden.<\/p>\n<p>Diese Website setzt anbietereigene Tracker (sogenannte \u201efirst-party Tracker\u201c) und fremde Tracker im Zusammenhang mit Diensten von Drittanbietern ein (sogenannte \u201ethird-party Tracker\u201c). Sofern innerhalb dieses Dokuments nicht anders angegeben, haben solche Dritte auch Zugriff auf die von ihnen verwalteten Tracker.<br \/>\nDie Geltungsdauer und der Verfall von Cookies und anderen vergleichbaren Trackern h\u00e4ngen von der vom Anbieter oder vom jeweiligen Drittanbieter festgelegten Lebensdauer ab. Einige davon verfallen, sobald der Nutzer die Browsersitzung beendet.<br \/>\nUm genauere und aktuellere Angaben zu der Lebensdauer sowie andere Informationen \u2013 wie z. B. bez\u00fcglich des Einsatzes weiterer Tracker \u2013 zu erhalten, werden Nutzer auf die Beschreibungen der unten aufgef\u00fchrten Kategorien sowie, dar\u00fcber hinaus, auf die verlinkten Datenschutzerkl\u00e4rungen entsprechender Drittanbieter oder auf Kontaktaufnahme zum Anbieter verwiesen.<\/p>\n<h2>Unbedingt erforderliche Vorg\u00e4nge, um diese Website zu betreiben und den Dienst zu erbringen<\/h2>\n<p>Diese Website nutzt sogenannte \u201etechnische\u201c Cookies und \u00e4hnliche Tracker, um Vorg\u00e4nge zu erm\u00f6glichen, die f\u00fcr die Durchf\u00fchrung und Erbringung des Dienstes unbedingt erforderlich sind.<\/p>\n<p><strong>Liste der verwendeten Cookies:<\/strong><\/p>\n<ul>\n<li><strong>InfoCookieNew<\/strong> (Dauer 6 Monate)<br \/>\nCookie zum Speichern der Anzeige dieser Informationen<\/li>\n<li><strong>infoStatNew<\/strong> (Dauer 6 Monate)<br \/>\nCookie zum Speichern der Anzeige von technischen Cookies<\/li>\n<li><strong>_utma  \/ _utmz  \/ _ga \/ _gat<\/strong>  (Dauer 1 Jahr)<br \/>\nCookies, die vom Drittanbieterdienst Google Analytics verwendet werden. Sie werden nur verwendet, um Benutzer zu identifizieren, die die Website besuchen (enth\u00e4lt Kennungen)<\/li>\n<li><strong>infoMarketingNew<\/strong> (Dauer 6 Monate)<br \/>\nCookie zum Speichern der Anzeige von marketingbezogenen Cookies<\/li>\n<li><strong>infoPreferrenzeNew<\/strong> (Dauer 6 Monate)<br \/>\nCookie zum Speichern der Anzeige von Cookies in Bezug auf soziale Netzwerke<\/li>\n<li><strong>infoSocialNew<\/strong> (Dauer 6 Monate)<br \/>\nCookie utilizzato per memorizzare la visualizzazione dei Cookie relativi ai social<\/li>\n<li><strong>PHPSESSID<\/strong> (durata Sessione navigazione)<br \/>\nCookie, das von PHP verwendet wird, um Sitzungen zu verfolgen (enth\u00e4lt eine eindeutige Kennung f\u00fcr Ihre Sitzung auf der Website)<\/li>\n<\/ul>\n<h2>Andere Vorg\u00e4nge unter Einsatz von Trackern<\/h2>\n<h3>Verbesserte Nutzererfahrung<\/h3>\n<p>Diese Website verwendet Tracker, um Nutzern erweiterte M\u00f6glichkeiten zur Verwaltung ihrer Einstellungen und Funktionen zur Interaktion mit externen Netzwerken und Plattformen zur Verf\u00fcgung stellen.<\/p>\n<h3>Anzeigen von Inhalten externer Plattformen<\/h3>\n<p>Mit dieser Art von Diensten k\u00f6nnen Nutzer sich Inhalte, die auf externen Plattformen gehostet werden, direkt \u00fcber diese Website anzeigen lassen und mit ihnen interagieren.<br \/>\nFalls ein solcher Dienst installiert ist, so kann er f\u00fcr die Seiten, auf denen er installiert ist, m\u00f6glicherweise auch dann Daten aus dem Datenverkehr erheben, wenn Nutzer ihn nicht verwenden.<\/p>\n<p><b>YouTube-Video-Widget (Google Inc.)<\/b><br \/>\nYouTube ist ein von Google Inc. bereitgestellter Service zur Visualisierung von Videoinhalten, mit dem diese Website entsprechende Inhalte auf ihren Seiten einbinden kann.<br \/>\nVerarbeitete personenbezogene Daten: Cookie und Nutzungsdaten.<br \/>\nVerarbeitungsort: USA \u2013 <a href=\"https:\/\/web.archive.org\/web\/20221203214102\/http:\/\/www.google.it\/intl\/de\/policies\/privacy\/\" rel=\"noopener\" target=\"_blank\"><strong>Datenschutzerkl\u00e4rung<\/strong><\/a>.<\/p>\n<p><b>Vimeo-Video (Vimeo, LLC)<\/b><br \/>\nVimeo ist ein von Vimeo, LLC bereitgestellter Visualisierungsservice f\u00fcr Videoinhalte, mit dem diese Website entsprechende Inhalte auf ihren Seiten einbinden kann.<br \/>\nVerarbeitete personenbezogene Daten: Cookie und Nutzungsdaten.<br \/>\nVerarbeitungsort: USA \u2013 <a href=\"https:\/\/web.archive.org\/web\/20221203214102\/https:\/\/vimeo.com\/privacy\" rel=\"noopener\" target=\"_blank\"><strong>Datenschutzerkl\u00e4rung<\/strong><\/a>.<\/p>\n<p><b>Google-Maps-Widget (Google Inc.)<\/b><br \/>\nGoogle Maps ist ein von Google Inc. bereitgestellter Service zur Visualisierung von Karten, mit dem diese Website entsprechende Inhalte auf ihren Seiten einbinden kann.<br \/>\nVerarbeitete personenbezogene Daten: Cookie und Nutzungsdaten.<br \/>\nVerarbeitungsort: USA \u2013 <a href=\"https:\/\/web.archive.org\/web\/20221203214102\/https:\/\/www.google.it\/intl\/de\/policies\/privacy\/\" rel=\"noopener\" target=\"_blank\"><strong>Datenschutzerkl\u00e4rung<\/strong><\/a>.<\/p>\n<p><b>Google Site Search (Google Inc.)<\/b><br \/>\nGoogle Site Search ist ein von Google LLC oder von Google Ireland Limited, je nach Standort, von dem aus auf diese Website zugegriffen wird, angebotener Service zur Einbettung von Suchmaschinen, mit dem diese Website entsprechende Inhalte auf ihren Seiten einbinden kann.<br \/>\nVerarbeitete personenbezogene Daten: Cookie und Nutzungsdaten.<br \/>\nVerarbeitungsort: USA \u2013 <a href=\"https:\/\/web.archive.org\/web\/20221203214102\/https:\/\/www.google.com\/policies\/privacy\/\" rel=\"noopener\" target=\"_blank\"><strong>Datenschutzerkl\u00e4rung<\/strong><\/a>. <\/p>\n<h2>Erfolgsmessun<\/h2>\n<p>Diese Website verwendet Tracker, um den Onlinetraffic zu messen und das Nutzerverhalten zu analysieren und dadurch den Dienst zu verbessern.<\/p>\n<h3>Analytik<\/h3>\n<p>Mit den in diesem Abschnitt aufgef\u00fchrten Dienstleistungen kann der Eigent\u00fcmer den Datenverkehr \u00fcberwachen und analysieren sowie das Verhalten von Nutzern nachverfolgen.<\/p>\n<p><strong>Google Analytics (Google Inc.)<\/strong><br \/>\nGoogle Analytics ist ein Webanalysedienst von Google Inc. (\u201eGoogle\u201c). Google verwendet die erhobenen Daten, um nachzuverfolgen und zu untersuchen, wie diese Website genutzt wird, Berichte \u00fcber ihre Aktivit\u00e4ten zu verfassen und diese gemeinsam mit anderen Google-Diensten zu nutzen.<br \/>\nGoogle kann die erhobenen Daten verwenden, um die Anzeigen seines eigenen Werbenetzwerks zu kontextualisieren und personalisieren.<br \/>\nVerarbeitete personenbezogene Daten: Cookie und Nutzungsdaten.<br \/>\nVerarbeitungsort: USA \u2013 <a href=\"https:\/\/web.archive.org\/web\/20221203214102\/https:\/\/www.google.com\/intl\/de\/policies\/privacy\/\" rel=\"noopener\" target=\"_blank\"><strong>Datenschutzerkl\u00e4rung<\/strong><\/a> \u2013 <a href=\"https:\/\/web.archive.org\/web\/20221203214102\/https:\/\/tools.google.com\/dlpage\/gaoptout?hl=de\" rel=\"noopener\" target=\"_blank\"><strong>Opt Out<\/strong><\/a>.<\/p>\n<p><strong>Google Ads Conversion-Tracking (Google Inc.)<\/strong><br \/>\nConversion-Tracking von Ads ist ein Analysedienst von Google LLC oder von Google Ireland Limited, je nach Standort, von dem aus auf diese Website zugegriffen wird,, der die Daten vom Google Ads-Werbenetzwerk mit den durch diese Website get\u00e4tigten Aktionen verbindet.<br \/>\nVerarbeitete personenbezogene Daten: Cookie und Nutzungsdaten.<br \/>\nVerarbeitungsort: USA \u2013 <a href=\"https:\/\/web.archive.org\/web\/20221203214102\/https:\/\/www.google.com\/intl\/de\/policies\/privacy\/\" rel=\"noopener\" target=\"_blank\"><strong>Datenschutzerkl\u00e4rung<\/strong><\/a>.<\/p>\n<p><strong>HubSpot Analytics (HubSpot, Inc.)<\/strong><br \/>\nHubSpot Analytics ist ein Analysedienst von HubSpot, Inc.<br \/>\nVerarbeitete personenbezogene Daten: Cookie und Nutzungsdaten.<br \/>\nVerarbeitungsort: Vereinigte Staaten \u2013 <a href=\"https:\/\/web.archive.org\/web\/20221203214102\/https:\/\/legal.hubspot.com\/de\/privacy-policy\" rel=\"noopener\" target=\"_blank\"><strong>Datenschutzerkl\u00e4rung<\/strong><\/a> \u2013 <a href=\"https:\/\/web.archive.org\/web\/20221203214102\/mailto:privacy@hubspot.com\" rel=\"noopener\" target=\"_blank\"><strong>Opt Out<\/strong><\/a>.<\/p>\n<h2>Targeting &#038; Werbung<\/h2>\n<p>Diese Website verwendet Tracker, um verhaltensbasiert personalisierte Werbeinhalte bereitzustellen und um Werbeanzeigen zu verwalten, einzublenden und nachzuverfolgen.<\/p>\n<p><strong>Remarketing und Behavioural-Targeting<\/strong><br \/>\nMit dieser Art von Diensten k\u00f6nnen diese Website und ihre Partner analysieren, wie diese Website in vorherigen Sitzungen des Nutzers verwendet wurde, um Werbung gezielt zu verbreiten, zu optimieren und einzusetzen.<br \/>\nDiese Aktivit\u00e4t wird durch die Nachverfolgung von Nutzungsdaten und die Verwendung von Trackern erleichtert, die Informationen erheben, welche dann an die Partner \u00fcbertragen werden, die die Remarketing- und Behavioral Targeting-Aktivit\u00e4ten verwalten.<br \/>\nEinige Dienste bieten eine Remarketing-Option auf Basis von E-Mail-Adressenlisten.<br \/>\nZus\u00e4tzlich zu den etwaig von den einzelnen nachfolgend aufgef\u00fchrten Diensten angebotenen Widerspruchsm\u00f6glichkeiten k\u00f6nnen Nutzer \u00fcber die <a href=\"https:\/\/web.archive.org\/web\/20221203214102\/http:\/\/optout.networkadvertising.org\/?c=1\" rel=\"noopener\" target=\"_blank\"><strong>Network Advertising Initiative opt-out page<\/strong><\/a> ihren Widerspruch erkl\u00e4ren.<br \/>\n<strong>Die Nutzer k\u00f6nnen auch bestimmte Werbefunktionen durch entsprechende Ger\u00e4teeinstellungen deaktivieren, wie beispielsweise die Ger\u00e4tewerbeeinstellungen f\u00fcr Mobiltelefone oder die Werbeeinstellungen im Allgemeinen.<\/strong><\/p>\n<p><strong>Google Ads Remarketing (Google Inc.)<\/strong><br \/>\nGoogle Ads Remarketing ist ein Remarketing- und Behavioral Targeting-Service von Google LLC oder von Google Ireland Limited, je nach Standort, von dem aus auf diese Website zugegriffen wird,, der die Aktivit\u00e4t von diese Website mit dem Google Ads-Werbenetzwerk und dem DoubleClick Cookie verbindet.<br \/>\nNutzer k\u00f6nnen die Verwendung von Cookies durch Google ablehnen, indem sie die <a href=\"https:\/\/web.archive.org\/web\/20221203214102\/https:\/\/adssettings.google.com\/authenticated\" rel=\"noopener\" target=\"_blank\"><strong>Anzeigeneinstellungen<\/strong><\/a> von Google aufrufen.<br \/>\nVerarbeitete personenbezogene Daten: Cookie und Nutzungsdaten.<br \/>\nVerarbeitungsort: USA \u2013 <a href=\"https:\/\/web.archive.org\/web\/20221203214102\/http:\/\/www.google.com\/intl\/en\/policies\/privacy\/\" rel=\"noopener\" target=\"_blank\"><strong>Datenschutzerkl\u00e4rung<\/strong><\/a> \u2013 <a href=\"https:\/\/web.archive.org\/web\/20221203214102\/https:\/\/www.google.com\/settings\/ads\/onweb\/optout\" rel=\"noopener\" target=\"_blank\"><strong>Opt Out<\/strong><\/a>.<\/p>\n<p><strong>Google Ad Manager Audience Extension (Google Ireland Limited)<\/strong><br \/>\nDie Google Ad Manager Audience Extension ist ein von Google Ireland Limited bereitgestellter Remarketing- und Behavioural-Targeting-Dienst, der die Besucher von diese Website nachverfolgt und es ausgew\u00e4hlten Werbepartnern erm\u00f6glicht, ihnen gezielte Anzeigenwerbung im Internet anzuzeigen.<br \/>\nVerarbeitete personenbezogene Daten: Cookie und Nutzungsdaten.<br \/>\nVerarbeitungsort: Irland \u2013 <a href=\"https:\/\/web.archive.org\/web\/20221203214102\/https:\/\/policies.google.com\/privacy\" rel=\"noopener\" target=\"_blank\"><strong>Datenschutzerkl\u00e4rung<\/strong><\/a> \u2013 <a href=\"https:\/\/web.archive.org\/web\/20221203214102\/https:\/\/adssettings.google.com\/authenticated#display_optout\" rel=\"noopener\" target=\"_blank\"><strong>Opt Out<\/strong><\/a>.<\/p>\n<h2>Einstellungen verwalten und Einwilligungen erteilen oder widerrufen<\/h2>\n<p>Die Verwaltung von Tracker-Einstellungen sowie die Erteilung und der Widerruf von Einwilligungen k\u00f6nnen auf verschiedene Weisen erfolgen:<br \/>\nNutzer k\u00f6nnen Tracker-Einstellungen direkt \u00fcber die eigenen Ger\u00e4teinstellungen verwalten, indem sie z. B. dem Einsatz oder der Speicherung von Trackern g\u00e4nzlich widersprechen.<br \/>\nSoweit der Einsatz von Trackern auf einer Einwilligung beruht, k\u00f6nnen Nutzer au\u00dferdem die Einwilligung durch entsprechende Auswahl im Cookie-Hinweis oder durch \u00c4nderung genannter Auswahl \u00fcber das entsprechende Einwilligungs-Widget (sofern vorhanden) erteilen oder widerrufen.<br \/>\n\u00dcber die entsprechenden Browser- oder Ger\u00e4teinstellungen k\u00f6nnen auch bereits abgespeicherte Tracker, einschlie\u00dflich solcher, die f\u00fcr die Speicherung der urspr\u00fcnglichen Nutzereinwilligung zust\u00e4ndig sind, gel\u00f6scht werden.<br \/>\nAndere Tracker, die im lokalen Speicher des Browsers abgelegt sind, k\u00f6nnen durch L\u00f6schen des Verlaufs entfernt werden.<br \/>\nIn Bezug auf alle von Dritten eingesetzten Tracker k\u00f6nnen Nutzer ihre Einstellungen verwalten und ihre Einwilligung widerrufen, indem sie den entsprechenden Opt-out-Link nutzen (sofern vorhanden), die in der Datenschutzerkl\u00e4rung des Dritten angegebenen Mittel verwenden oder sich mit dem Dritten in Verbindung setzen.<\/p>\n<h3>Trackereinstellungen verwalten<\/h3>\n<p>Nutzer k\u00f6nnen zum Beispiel unter den nachfolgenden Adressen Informationen zur Verwaltung von Cookies \u00fcber die g\u00e4ngigsten Browser finden:<\/p>\n<ul>\n<li><a href=\"https:\/\/web.archive.org\/web\/20221203214102\/https:\/\/support.google.com\/chrome\/answer\/95647?hl=de&#038;p=cpn_cookies\" rel=\"noopener\" target=\"_blank\"><strong>Google Chrome<\/strong><\/a><\/li>\n<li><a href=\"https:\/\/web.archive.org\/web\/20221203214102\/https:\/\/support.mozilla.org\/de\/kb\/cookies-erlauben-und-ablehnen\" rel=\"noopener\" target=\"_blank\"><strong>Mozilla Firefox<\/strong><\/a><\/li>\n<li><a href=\"https:\/\/web.archive.org\/web\/20221203214102\/https:\/\/support.apple.com\/de-de\/guide\/safari\/manage-cookies-and-website-data-sfri11471\" rel=\"noopener\" target=\"_blank\"><strong>Apple Safari<\/strong><\/a><\/li>\n<li><a href=\"https:\/\/web.archive.org\/web\/20221203214102\/http:\/\/windows.microsoft.com\/de-de\/windows-vista\/block-or-allow-cookies\" rel=\"noopener\" target=\"_blank\"><strong>Microsoft Internet Explorer<\/strong><\/a><\/li>\n<li><a href=\"https:\/\/web.archive.org\/web\/20221203214102\/https:\/\/support.microsoft.com\/de-de\/help\/4027947\" rel=\"noopener\" target=\"_blank\"><strong>Microsoft Edge<\/strong><\/a><\/li>\n<li><a href=\"https:\/\/web.archive.org\/web\/20221203214102\/https:\/\/support.brave.com\/hc\/articles\/360022806212-How-do-I-use-Shields-while-browsing\" rel=\"noopener\" target=\"_blank\"><strong>Brave<\/strong><\/a><\/li>\n<li><a href=\"https:\/\/web.archive.org\/web\/20221203214102\/https:\/\/help.opera.com\/de\/latest\/web-preferences\/#cookies\" rel=\"noopener\" target=\"_blank\"><strong>Opera<\/strong><\/a><\/li>\n<\/ul>\n<p>Nutzer k\u00f6nnen auch bestimmte innerhalb von mobilen Apps eingesetzte Tracker \u00fcber entsprechende Ger\u00e4teinstellungen verwalten \u2013 zum Beispiel \u00fcber die Ger\u00e4teinstellungen zu Werbung auf mobilen Ger\u00e4ten, oder generell \u00fcber Trackingeinstellungen (Nutzer k\u00f6nnen Ger\u00e4teinstellungen aufrufen und die entsprechenden Befehle suchen).<\/p>\n<h2>Anbieter und Verantwortlicher<\/h2>\n<p><strong>Waterjet Corporation s.r.l.<\/strong><br \/>\nViale G.B. Stucchi, 66\/23<br \/>\n20900 MONZA (MB) ITALY<br \/>\nP. iva 03882890969<\/p>\n<p>Kontaktdaten des Datenschutzbeauftragten (E-Mail-Adresse): waterjet@waterjet.it<\/p>\n<p>Da der Einsatz von third-party Trackern durch diese Website vom Anbieter nicht vollst\u00e4ndig kontrolliert werden kann, verstehen sich s\u00e4mtliche Angaben zu third-party Trackern als indikativ. Um vollst\u00e4ndige Informationen zu erhalten, sind Nutzer gebeten, Einsicht in die in diesem Dokument aufgef\u00fchrten Datenschutzerkl\u00e4rungen der jeweiligen Drittanbieter zu nehmen.<\/p>\n<p>Aufgrund der objektiven Komplexit\u00e4t von Tracking-Technologien, werden Nutzer aufgefordert, Kontakt zum Anbieter aufzunehmen, sofern sie weitere Informationen zum Einsatz solcher Technologien durch diese Website zu erhalten w\u00fcnschen.<\/p>\n<hr \/>\n<p><em>Letzte Aktualisierung: 22 September 2021<\/em><\/p>\n","protected":false},"excerpt":{"rendered":"<p>Dieses Dokument informiert Nutzer \u00fcber die Technologien, die diese Website einsetzt, um die unten beschriebenen Zwecke zu erreichen&#8230;.<\/p>\n","protected":false},"author":1,"featured_media":0,"parent":0,"menu_order":0,"comment_status":"closed","ping_status":"closed","template":"","meta":{"_acf_changed":false,"footnotes":""},"class_list":["post-3994","page","type-page","status-publish","hentry"],"acf":[],"aioseo_notices":[],"_links":{"self":[{"href":"https:\/\/www.waterjetcorp.com\/de\/wp-json\/wp\/v2\/pages\/3994","targetHints":{"allow":["GET"]}}],"collection":[{"href":"https:\/\/www.waterjetcorp.com\/de\/wp-json\/wp\/v2\/pages"}],"about":[{"href":"https:\/\/www.waterjetcorp.com\/de\/wp-json\/wp\/v2\/types\/page"}],"author":[{"embeddable":true,"href":"https:\/\/www.waterjetcorp.com\/de\/wp-json\/wp\/v2\/users\/1"}],"replies":[{"embeddable":true,"href":"https:\/\/www.waterjetcorp.com\/de\/wp-json\/wp\/v2\/comments?post=3994"}],"version-history":[{"count":4,"href":"https:\/\/www.waterjetcorp.com\/de\/wp-json\/wp\/v2\/pages\/3994\/revisions"}],"predecessor-version":[{"id":4686,"href":"https:\/\/www.waterjetcorp.com\/de\/wp-json\/wp\/v2\/pages\/3994\/revisions\/4686"}],"wp:attachment":[{"href":"https:\/\/www.waterjetcorp.com\/de\/wp-json\/wp\/v2\/media?parent=3994"}],"curies":[{"name":"wp","href":"https:\/\/api.w.org\/{rel}","templated":true}]}}