{"id":3999,"date":"2024-03-14T12:43:04","date_gmt":"2024-03-14T11:43:04","guid":{"rendered":"https:\/\/www.waterjetcorp.com\/supporto\/"},"modified":"2024-09-02T12:09:40","modified_gmt":"2024-09-02T10:09:40","slug":"kundendienst","status":"publish","type":"page","link":"https:\/\/www.waterjetcorp.com\/de\/kundendienst\/","title":{"rendered":"Kundendienst"},"content":{"rendered":"<p class=\"big\">\nWaterjet ist bestrebt, ein stets pr\u00e4senter und zuverl\u00e4ssiger Partner f\u00fcr seine Kunden zu sein, um ihnen die bestm\u00f6gliche Erfahrung beim Wasserstrahlschneiden bieten zu k\u00f6nnen.\n<\/p>\n<p>Aus diesem Grund werden die Waterjet-Maschinen von einem leistungsf\u00e4higen Kundendienst flankiert, der von einem Team hochspezialisierter Techniker bereitgestellt wird. Die Techniker von Waterjet absolvieren ein sehr selektives Schulungsprogramm, aus dem Fachkr\u00e4fte hervorgehen, die mit den Funktionalit\u00e4ten aller ausgelieferten Maschinen bestens vertraut sind.<\/p>\n","protected":false},"excerpt":{"rendered":"<p>Waterjet ist bestrebt, ein stets pr\u00e4senter und zuverl\u00e4ssiger Partner f\u00fcr seine Kunden zu sein, um ihnen die bestm\u00f6gliche&#8230;<\/p>\n","protected":false},"author":1,"featured_media":3971,"parent":0,"menu_order":0,"comment_status":"closed","ping_status":"closed","template":"page-supporto.php","meta":{"_acf_changed":false,"footnotes":""},"class_list":["post-3999","page","type-page","status-publish","has-post-thumbnail","hentry"],"acf":[],"aioseo_notices":[],"_links":{"self":[{"href":"https:\/\/www.waterjetcorp.com\/de\/wp-json\/wp\/v2\/pages\/3999","targetHints":{"allow":["GET"]}}],"collection":[{"href":"https:\/\/www.waterjetcorp.com\/de\/wp-json\/wp\/v2\/pages"}],"about":[{"href":"https:\/\/www.waterjetcorp.com\/de\/wp-json\/wp\/v2\/types\/page"}],"author":[{"embeddable":true,"href":"https:\/\/www.waterjetcorp.com\/de\/wp-json\/wp\/v2\/users\/1"}],"replies":[{"embeddable":true,"href":"https:\/\/www.waterjetcorp.com\/de\/wp-json\/wp\/v2\/comments?post=3999"}],"version-history":[{"count":3,"href":"https:\/\/www.waterjetcorp.com\/de\/wp-json\/wp\/v2\/pages\/3999\/revisions"}],"predecessor-version":[{"id":4674,"href":"https:\/\/www.waterjetcorp.com\/de\/wp-json\/wp\/v2\/pages\/3999\/revisions\/4674"}],"wp:featuredmedia":[{"embeddable":true,"href":"https:\/\/www.waterjetcorp.com\/de\/wp-json\/wp\/v2\/media\/3971"}],"wp:attachment":[{"href":"https:\/\/www.waterjetcorp.com\/de\/wp-json\/wp\/v2\/media?parent=3999"}],"curies":[{"name":"wp","href":"https:\/\/api.w.org\/{rel}","templated":true}]}}