{"id":4001,"date":"2024-03-14T12:41:57","date_gmt":"2024-03-14T11:41:57","guid":{"rendered":"https:\/\/www.waterjetcorp.com\/waterjet-corporation-a-true-manufacturer\/"},"modified":"2024-09-09T15:14:19","modified_gmt":"2024-09-09T13:14:19","slug":"waterjet-corporation-a-true-manufacturer","status":"publish","type":"page","link":"https:\/\/www.waterjetcorp.com\/de\/waterjet-corporation-a-true-manufacturer\/","title":{"rendered":"Waterjet Corporation, A True Manufacturer"},"content":{"rendered":"<p class=\"big\">Spezialisiert auf die Herstellung technologisch <strong>fortschrittlicher Maschinen<\/strong> f\u00fcr das <strong>Schneiden und die Hydrobehandlung mit Wasserstrahl<\/strong>.<\/p>\n<p>Wir fertigen <strong>technologisch fortschrittliche Maschinen<\/strong>, die h\u00f6chste <strong>Standards in Bezug auf Pr\u00e4zision, Produktivit\u00e4t und Benutzerfreundlichkeit<\/strong> f\u00fcr die Bediener in den verschiedenen Anwendungsbereichen garantieren.<\/p>\n","protected":false},"excerpt":{"rendered":"<p>Spezialisiert auf die Herstellung technologisch fortschrittlicher Maschinen f\u00fcr das Schneiden und die Hydrobehandlung mit Wasserstrahl. Wir fertigen technologisch&#8230;<\/p>\n","protected":false},"author":1,"featured_media":3971,"parent":0,"menu_order":0,"comment_status":"closed","ping_status":"closed","template":"page-azienda.php","meta":{"_acf_changed":false,"footnotes":""},"class_list":["post-4001","page","type-page","status-publish","has-post-thumbnail","hentry"],"acf":[],"aioseo_notices":[],"_links":{"self":[{"href":"https:\/\/www.waterjetcorp.com\/de\/wp-json\/wp\/v2\/pages\/4001","targetHints":{"allow":["GET"]}}],"collection":[{"href":"https:\/\/www.waterjetcorp.com\/de\/wp-json\/wp\/v2\/pages"}],"about":[{"href":"https:\/\/www.waterjetcorp.com\/de\/wp-json\/wp\/v2\/types\/page"}],"author":[{"embeddable":true,"href":"https:\/\/www.waterjetcorp.com\/de\/wp-json\/wp\/v2\/users\/1"}],"replies":[{"embeddable":true,"href":"https:\/\/www.waterjetcorp.com\/de\/wp-json\/wp\/v2\/comments?post=4001"}],"version-history":[{"count":4,"href":"https:\/\/www.waterjetcorp.com\/de\/wp-json\/wp\/v2\/pages\/4001\/revisions"}],"predecessor-version":[{"id":4856,"href":"https:\/\/www.waterjetcorp.com\/de\/wp-json\/wp\/v2\/pages\/4001\/revisions\/4856"}],"wp:featuredmedia":[{"embeddable":true,"href":"https:\/\/www.waterjetcorp.com\/de\/wp-json\/wp\/v2\/media\/3971"}],"wp:attachment":[{"href":"https:\/\/www.waterjetcorp.com\/de\/wp-json\/wp\/v2\/media?parent=4001"}],"curies":[{"name":"wp","href":"https:\/\/api.w.org\/{rel}","templated":true}]}}