{"id":3408,"date":"2024-04-11T12:39:13","date_gmt":"2024-04-11T10:39:13","guid":{"rendered":"https:\/\/www.waterjetcorp.com\/richiesta-brochure-inviata\/"},"modified":"2024-09-09T12:01:44","modified_gmt":"2024-09-09T10:01:44","slug":"demande-de-brochure-envoyee","status":"publish","type":"page","link":"https:\/\/www.waterjetcorp.com\/fr\/demande-de-brochure-envoyee\/","title":{"rendered":"Demande de brochure envoy\u00e9e"},"content":{"rendered":"<p><strong>Merci<\/strong>.<br \/>\nUn email a \u00e9t\u00e9 envoy\u00e9 \u00e0 l&rsquo;adresse que vous avez fournie.<br \/>\nVous y trouverez le lien pour t\u00e9l\u00e9charger le PDF de la brochure.<\/p>\n","protected":false},"excerpt":{"rendered":"<p>Merci. Un email a \u00e9t\u00e9 envoy\u00e9 \u00e0 l&rsquo;adresse que vous avez fournie. Vous y trouverez le lien pour&#8230;<\/p>\n","protected":false},"author":1,"featured_media":3407,"parent":0,"menu_order":0,"comment_status":"closed","ping_status":"closed","template":"thankyou-page.php","meta":{"_acf_changed":false,"footnotes":""},"class_list":["post-3408","page","type-page","status-publish","has-post-thumbnail","hentry"],"acf":[],"aioseo_notices":[],"_links":{"self":[{"href":"https:\/\/www.waterjetcorp.com\/fr\/wp-json\/wp\/v2\/pages\/3408","targetHints":{"allow":["GET"]}}],"collection":[{"href":"https:\/\/www.waterjetcorp.com\/fr\/wp-json\/wp\/v2\/pages"}],"about":[{"href":"https:\/\/www.waterjetcorp.com\/fr\/wp-json\/wp\/v2\/types\/page"}],"author":[{"embeddable":true,"href":"https:\/\/www.waterjetcorp.com\/fr\/wp-json\/wp\/v2\/users\/1"}],"replies":[{"embeddable":true,"href":"https:\/\/www.waterjetcorp.com\/fr\/wp-json\/wp\/v2\/comments?post=3408"}],"version-history":[{"count":1,"href":"https:\/\/www.waterjetcorp.com\/fr\/wp-json\/wp\/v2\/pages\/3408\/revisions"}],"predecessor-version":[{"id":4834,"href":"https:\/\/www.waterjetcorp.com\/fr\/wp-json\/wp\/v2\/pages\/3408\/revisions\/4834"}],"wp:featuredmedia":[{"embeddable":true,"href":"https:\/\/www.waterjetcorp.com\/fr\/wp-json\/wp\/v2\/media\/3407"}],"wp:attachment":[{"href":"https:\/\/www.waterjetcorp.com\/fr\/wp-json\/wp\/v2\/media?parent=3408"}],"curies":[{"name":"wp","href":"https:\/\/api.w.org\/{rel}","templated":true}]}}