{"id":3409,"date":"2024-04-10T14:27:32","date_gmt":"2024-04-10T12:27:32","guid":{"rendered":"https:\/\/www.waterjetcorp.com\/cataloghi\/"},"modified":"2025-08-07T09:56:06","modified_gmt":"2025-08-07T07:56:06","slug":"catalogues","status":"publish","type":"page","link":"https:\/\/www.waterjetcorp.com\/fr\/catalogues\/","title":{"rendered":"Catalogues"},"content":{"rendered":"<p class=\"big\">Bienvenue dans la section t\u00e9l\u00e9chargement. Ici, vous trouverez tous nos catalogues \u00e0 jour, riches en informations d\u00e9taill\u00e9es sur nos produits et services. Choisissez le catalogue qui vous int\u00e9resse et t\u00e9l\u00e9chargez-le en un simple clic.<\/p>\n","protected":false},"excerpt":{"rendered":"<p>Bienvenue dans la section t\u00e9l\u00e9chargement. Ici, vous trouverez tous nos catalogues \u00e0 jour, riches en informations d\u00e9taill\u00e9es sur&#8230;<\/p>\n","protected":false},"author":1,"featured_media":3411,"parent":0,"menu_order":0,"comment_status":"closed","ping_status":"closed","template":"page-cataloghi.php","meta":{"_acf_changed":false,"footnotes":""},"class_list":["post-3409","page","type-page","status-publish","has-post-thumbnail","hentry"],"acf":[],"aioseo_notices":[],"_links":{"self":[{"href":"https:\/\/www.waterjetcorp.com\/fr\/wp-json\/wp\/v2\/pages\/3409","targetHints":{"allow":["GET"]}}],"collection":[{"href":"https:\/\/www.waterjetcorp.com\/fr\/wp-json\/wp\/v2\/pages"}],"about":[{"href":"https:\/\/www.waterjetcorp.com\/fr\/wp-json\/wp\/v2\/types\/page"}],"author":[{"embeddable":true,"href":"https:\/\/www.waterjetcorp.com\/fr\/wp-json\/wp\/v2\/users\/1"}],"replies":[{"embeddable":true,"href":"https:\/\/www.waterjetcorp.com\/fr\/wp-json\/wp\/v2\/comments?post=3409"}],"version-history":[{"count":9,"href":"https:\/\/www.waterjetcorp.com\/fr\/wp-json\/wp\/v2\/pages\/3409\/revisions"}],"predecessor-version":[{"id":5641,"href":"https:\/\/www.waterjetcorp.com\/fr\/wp-json\/wp\/v2\/pages\/3409\/revisions\/5641"}],"wp:featuredmedia":[{"embeddable":true,"href":"https:\/\/www.waterjetcorp.com\/fr\/wp-json\/wp\/v2\/media\/3411"}],"wp:attachment":[{"href":"https:\/\/www.waterjetcorp.com\/fr\/wp-json\/wp\/v2\/media?parent=3409"}],"curies":[{"name":"wp","href":"https:\/\/api.w.org\/{rel}","templated":true}]}}