{"id":3413,"date":"2024-04-08T11:18:57","date_gmt":"2024-04-08T09:18:57","guid":{"rendered":"https:\/\/www.waterjetcorp.com\/certificazioni\/"},"modified":"2025-07-03T14:00:14","modified_gmt":"2025-07-03T12:00:14","slug":"certifications","status":"publish","type":"page","link":"https:\/\/www.waterjetcorp.com\/fr\/certifications\/","title":{"rendered":"Certifications"},"content":{"rendered":"<h2>Certifications<\/h2>\n<p>Les processus de contr\u00f4le qualit\u00e9 interne suivent des proc\u00e9dures rigoureuses de test et d&rsquo;essai, r\u00e9alis\u00e9s avec les meilleurs instruments Renishaw.<br \/>\nWaterjet a int\u00e9gr\u00e9 la norme <strong>ISO 9001-2015<\/strong> dans son cycle de production, certifiant ainsi la qualit\u00e9 de la production et du produit pour ses clients.<br \/>\nToutes les machines fabriqu\u00e9es par Waterjet sont accompagn\u00e9es de leur propre <strong>Document de Contr\u00f4le de Qualit\u00e9 Final<\/strong>, qui certifie les tol\u00e9rances de pr\u00e9cision et la r\u00e9p\u00e9tabilit\u00e9 mesur\u00e9es conform\u00e9ment aux garanties.<\/p>\n<div class=\"cert-tuv uk-grid uk-grid-medium\">\n<figure><img decoding=\"async\" class=\"alignnone size-full wp-image-1891 lazyload\" src=\"data:image\/gif;base64,R0lGODlhAQABAIAAAAAAAP\/\/\/yH5BAEAAAAALAAAAAABAAEAAAIBRAA7\" data-src=\"https:\/\/www.waterjetcorp.com\/wp-content\/uploads\/TUV_LOGO.svg\" alt=\"TUV LOGO\" width=\"110\" height=\"110\" \/><noscript><img decoding=\"async\" class=\"alignnone size-full wp-image-1891 lazyload\" src=\"https:\/\/www.waterjetcorp.com\/wp-content\/uploads\/TUV_LOGO.svg\" alt=\"TUV LOGO\" width=\"110\" height=\"110\" \/><\/noscript><\/figure>\n<div class=\"testo-tuv\">\n<div><strong>T\u00dcV S\u00dcD certification<\/strong><br \/>\nCertification T\u00dcV S\u00dcD<\/div>\n<\/div>\n<\/div>\n<div><\/div>\n<div><\/div>\n<div>\n<h2>CERTIFICATION SNF &#8211; LIGNE GOURMET<\/h2>\n<p>Il certifie le respect des normes les plus \u00e9lev\u00e9es en mati\u00e8re d&rsquo;hygi\u00e8ne, de s\u00e9curit\u00e9 et de performance dans le secteur alimentaire.<br \/>\nCette certification repr\u00e9sente une \u00e9tape importante pour Waterjet Corporation et confirme l&rsquo;engagement continu de l&rsquo;entreprise dans la recherche de solutions d&rsquo;avant-garde destin\u00e9es aux professionnels de la gastronomie.<\/p>\n<figure><img decoding=\"async\" class=\"wp-image-5424 alignnone lazyload\" src=\"data:image\/gif;base64,R0lGODlhAQABAIAAAAAAAP\/\/\/yH5BAEAAAAALAAAAAABAAEAAAIBRAA7\" data-src=\"https:\/\/www.waterjetcorp.com\/wp-content\/uploads\/MARK-300x298.png\" alt=\"CERTIFICATO NSF\" width=\"112\" height=\"111\" \/><noscript><img decoding=\"async\" class=\"wp-image-5424 alignnone lazyload\" src=\"https:\/\/www.waterjetcorp.com\/wp-content\/uploads\/MARK-300x298.png\" alt=\"CERTIFICATO NSF\" width=\"112\" height=\"111\" srcset=\"https:\/\/www.waterjetcorp.com\/wp-content\/uploads\/MARK-300x298.png 300w, https:\/\/www.waterjetcorp.com\/wp-content\/uploads\/MARK-150x150.png 150w, https:\/\/www.waterjetcorp.com\/wp-content\/uploads\/MARK-506x506.png 506w, https:\/\/www.waterjetcorp.com\/wp-content\/uploads\/MARK-233x231.png 233w, https:\/\/www.waterjetcorp.com\/wp-content\/uploads\/MARK-518x514.png 518w, https:\/\/www.waterjetcorp.com\/wp-content\/uploads\/MARK-435x435.png 435w, https:\/\/www.waterjetcorp.com\/wp-content\/uploads\/MARK-288x288.png 288w, https:\/\/www.waterjetcorp.com\/wp-content\/uploads\/MARK.png 529w\" sizes=\"(max-width: 112px) 100vw, 112px\" \/><\/noscript><\/figure>\n<\/div>\n<div><\/div>\n<h2>Brevets<\/h2>\n<p>L&rsquo;\u00e9lan innovant de la production Waterjet a conduit l&rsquo;entreprise \u00e0 d\u00e9poser trois brevets d&rsquo;une importance capitale.<\/p>\n<h3>BREVET EU N. DE 20 2007 012 572 U1<\/h3>\n<p>Technologie \u00e0 4 axes avec I.T.C.<sup>TM<\/sup> (Intelligent Taper Control) pour la compensation de la conicit\u00e9.<\/p>\n<h3>BREVET EU N. CH 701 319 A2<\/h3>\n<p>Syst\u00e8me \u00e0 rotation infinie pour la d\u00e9coupe 2D 3D inclin\u00e9e \u00e0 5 axes.<\/p>\n<h3>BREVET EP 3951168<\/h3>\n<p>Pompe hybride Servo Intensifier<\/p>\n","protected":false},"excerpt":{"rendered":"<p>Certifications Les processus de contr\u00f4le qualit\u00e9 interne suivent des proc\u00e9dures rigoureuses de test et d&rsquo;essai, r\u00e9alis\u00e9s avec les&#8230;<\/p>\n","protected":false},"author":1,"featured_media":3411,"parent":0,"menu_order":0,"comment_status":"closed","ping_status":"closed","template":"page-certificazioni.php","meta":{"_acf_changed":false,"footnotes":""},"class_list":["post-3413","page","type-page","status-publish","has-post-thumbnail","hentry"],"acf":[],"aioseo_notices":[],"_links":{"self":[{"href":"https:\/\/www.waterjetcorp.com\/fr\/wp-json\/wp\/v2\/pages\/3413","targetHints":{"allow":["GET"]}}],"collection":[{"href":"https:\/\/www.waterjetcorp.com\/fr\/wp-json\/wp\/v2\/pages"}],"about":[{"href":"https:\/\/www.waterjetcorp.com\/fr\/wp-json\/wp\/v2\/types\/page"}],"author":[{"embeddable":true,"href":"https:\/\/www.waterjetcorp.com\/fr\/wp-json\/wp\/v2\/users\/1"}],"replies":[{"embeddable":true,"href":"https:\/\/www.waterjetcorp.com\/fr\/wp-json\/wp\/v2\/comments?post=3413"}],"version-history":[{"count":4,"href":"https:\/\/www.waterjetcorp.com\/fr\/wp-json\/wp\/v2\/pages\/3413\/revisions"}],"predecessor-version":[{"id":5563,"href":"https:\/\/www.waterjetcorp.com\/fr\/wp-json\/wp\/v2\/pages\/3413\/revisions\/5563"}],"wp:featuredmedia":[{"embeddable":true,"href":"https:\/\/www.waterjetcorp.com\/fr\/wp-json\/wp\/v2\/media\/3411"}],"wp:attachment":[{"href":"https:\/\/www.waterjetcorp.com\/fr\/wp-json\/wp\/v2\/media?parent=3413"}],"curies":[{"name":"wp","href":"https:\/\/api.w.org\/{rel}","templated":true}]}}