{"id":3416,"date":"2024-04-04T12:45:40","date_gmt":"2024-04-04T10:45:40","guid":{"rendered":"https:\/\/www.waterjetcorp.com\/metal-composites\/"},"modified":"2024-08-05T11:56:49","modified_gmt":"2024-08-05T09:56:49","slug":"metal-composites","status":"publish","type":"page","link":"https:\/\/www.waterjetcorp.com\/fr\/metal-composites\/","title":{"rendered":"Metal &#038; Composites"},"content":{"rendered":"<h2>Composites<\/h2>\n<p>Composites a\u00e9ronautique, spatiale et comp\u00e9tition automobile, proth\u00e8ses et syst\u00e8mes pour le secteur m\u00e9dical et orthop\u00e9dique<\/p>\n<h2>Metaux<\/h2>\n<p>Feuilles plates, brides, moules, pi\u00e8ces d&rsquo;engrenages, \u00e9chantillons forg\u00e9s de coupe pour le secteur hydraulique, alliages sp\u00e9ciaux pour la construction navale a\u00e9ronautique et a\u00e9rospatiale<\/p>\n","protected":false},"excerpt":{"rendered":"<p>Composites Composites a\u00e9ronautique, spatiale et comp\u00e9tition automobile, proth\u00e8ses et syst\u00e8mes pour le secteur m\u00e9dical et orthop\u00e9dique Metaux Feuilles&#8230;<\/p>\n","protected":false},"author":1,"featured_media":3411,"parent":0,"menu_order":0,"comment_status":"closed","ping_status":"closed","template":"page-cat-applicazioni.php","meta":{"_acf_changed":false,"footnotes":""},"class_list":["post-3416","page","type-page","status-publish","has-post-thumbnail","hentry"],"acf":[],"aioseo_notices":[],"_links":{"self":[{"href":"https:\/\/www.waterjetcorp.com\/fr\/wp-json\/wp\/v2\/pages\/3416","targetHints":{"allow":["GET"]}}],"collection":[{"href":"https:\/\/www.waterjetcorp.com\/fr\/wp-json\/wp\/v2\/pages"}],"about":[{"href":"https:\/\/www.waterjetcorp.com\/fr\/wp-json\/wp\/v2\/types\/page"}],"author":[{"embeddable":true,"href":"https:\/\/www.waterjetcorp.com\/fr\/wp-json\/wp\/v2\/users\/1"}],"replies":[{"embeddable":true,"href":"https:\/\/www.waterjetcorp.com\/fr\/wp-json\/wp\/v2\/comments?post=3416"}],"version-history":[{"count":2,"href":"https:\/\/www.waterjetcorp.com\/fr\/wp-json\/wp\/v2\/pages\/3416\/revisions"}],"predecessor-version":[{"id":3641,"href":"https:\/\/www.waterjetcorp.com\/fr\/wp-json\/wp\/v2\/pages\/3416\/revisions\/3641"}],"wp:featuredmedia":[{"embeddable":true,"href":"https:\/\/www.waterjetcorp.com\/fr\/wp-json\/wp\/v2\/media\/3411"}],"wp:attachment":[{"href":"https:\/\/www.waterjetcorp.com\/fr\/wp-json\/wp\/v2\/media?parent=3416"}],"curies":[{"name":"wp","href":"https:\/\/api.w.org\/{rel}","templated":true}]}}