{"id":3420,"date":"2024-04-03T10:09:43","date_gmt":"2024-04-03T08:09:43","guid":{"rendered":"https:\/\/www.waterjetcorp.com\/accessori-ed-opzioni\/"},"modified":"2024-08-05T10:43:53","modified_gmt":"2024-08-05T08:43:53","slug":"accessoires-et-options","status":"publish","type":"page","link":"https:\/\/www.waterjetcorp.com\/fr\/accessoires-et-options\/","title":{"rendered":"Accessoires et Options"},"content":{"rendered":"<p>Disponibilit\u00e9 d\u2019une large gamme d\u2019accessoires qui peuvent \u00eatre int\u00e9gr\u00e9s et personnalis\u00e9s \u00e0 votre syst\u00e8me pour pour permettre d\u2019augmenter votre productivit\u00e9 et \u00e9largir les domaines d\u2019application. (t\u00eates de coupe multiples, application tubulaire, traitement de tubes et de surfaces,&#8230;).<\/p>\n","protected":false},"excerpt":{"rendered":"<p>Disponibilit\u00e9 d\u2019une large gamme d\u2019accessoires qui peuvent \u00eatre int\u00e9gr\u00e9s et personnalis\u00e9s \u00e0 votre syst\u00e8me pour pour permettre d\u2019augmenter&#8230;<\/p>\n","protected":false},"author":1,"featured_media":3407,"parent":0,"menu_order":0,"comment_status":"closed","ping_status":"closed","template":"page-accessori.php","meta":{"_acf_changed":false,"footnotes":""},"class_list":["post-3420","page","type-page","status-publish","has-post-thumbnail","hentry"],"acf":[],"aioseo_notices":[],"_links":{"self":[{"href":"https:\/\/www.waterjetcorp.com\/fr\/wp-json\/wp\/v2\/pages\/3420","targetHints":{"allow":["GET"]}}],"collection":[{"href":"https:\/\/www.waterjetcorp.com\/fr\/wp-json\/wp\/v2\/pages"}],"about":[{"href":"https:\/\/www.waterjetcorp.com\/fr\/wp-json\/wp\/v2\/types\/page"}],"author":[{"embeddable":true,"href":"https:\/\/www.waterjetcorp.com\/fr\/wp-json\/wp\/v2\/users\/1"}],"replies":[{"embeddable":true,"href":"https:\/\/www.waterjetcorp.com\/fr\/wp-json\/wp\/v2\/comments?post=3420"}],"version-history":[{"count":1,"href":"https:\/\/www.waterjetcorp.com\/fr\/wp-json\/wp\/v2\/pages\/3420\/revisions"}],"predecessor-version":[{"id":3618,"href":"https:\/\/www.waterjetcorp.com\/fr\/wp-json\/wp\/v2\/pages\/3420\/revisions\/3618"}],"wp:featuredmedia":[{"embeddable":true,"href":"https:\/\/www.waterjetcorp.com\/fr\/wp-json\/wp\/v2\/media\/3407"}],"wp:attachment":[{"href":"https:\/\/www.waterjetcorp.com\/fr\/wp-json\/wp\/v2\/media?parent=3420"}],"curies":[{"name":"wp","href":"https:\/\/api.w.org\/{rel}","templated":true}]}}