{"id":3427,"date":"2024-03-26T14:45:45","date_gmt":"2024-03-26T13:45:45","guid":{"rendered":"https:\/\/www.waterjetcorp.com\/controllo-numerico-programmazione-e-diagnostica-monitor-touch\/"},"modified":"2024-08-05T09:53:53","modified_gmt":"2024-08-05T07:53:53","slug":"controle-numerique-programmation-et-diagnostic-ecran-tactile","status":"publish","type":"page","link":"https:\/\/www.waterjetcorp.com\/fr\/controle-numerique-programmation-et-diagnostic-ecran-tactile\/","title":{"rendered":"Contr\u00f4le num\u00e9rique, programmation et diagnostic \u00e9cran tactile"},"content":{"rendered":"","protected":false},"excerpt":{"rendered":"","protected":false},"author":1,"featured_media":3407,"parent":0,"menu_order":0,"comment_status":"closed","ping_status":"closed","template":"","meta":{"_acf_changed":false,"footnotes":""},"class_list":["post-3427","page","type-page","status-publish","has-post-thumbnail","hentry"],"acf":[],"aioseo_notices":[],"_links":{"self":[{"href":"https:\/\/www.waterjetcorp.com\/fr\/wp-json\/wp\/v2\/pages\/3427","targetHints":{"allow":["GET"]}}],"collection":[{"href":"https:\/\/www.waterjetcorp.com\/fr\/wp-json\/wp\/v2\/pages"}],"about":[{"href":"https:\/\/www.waterjetcorp.com\/fr\/wp-json\/wp\/v2\/types\/page"}],"author":[{"embeddable":true,"href":"https:\/\/www.waterjetcorp.com\/fr\/wp-json\/wp\/v2\/users\/1"}],"replies":[{"embeddable":true,"href":"https:\/\/www.waterjetcorp.com\/fr\/wp-json\/wp\/v2\/comments?post=3427"}],"version-history":[{"count":2,"href":"https:\/\/www.waterjetcorp.com\/fr\/wp-json\/wp\/v2\/pages\/3427\/revisions"}],"predecessor-version":[{"id":3594,"href":"https:\/\/www.waterjetcorp.com\/fr\/wp-json\/wp\/v2\/pages\/3427\/revisions\/3594"}],"wp:featuredmedia":[{"embeddable":true,"href":"https:\/\/www.waterjetcorp.com\/fr\/wp-json\/wp\/v2\/media\/3407"}],"wp:attachment":[{"href":"https:\/\/www.waterjetcorp.com\/fr\/wp-json\/wp\/v2\/media?parent=3427"}],"curies":[{"name":"wp","href":"https:\/\/api.w.org\/{rel}","templated":true}]}}