{"id":3432,"date":"2024-03-20T09:02:44","date_gmt":"2024-03-20T08:02:44","guid":{"rendered":"https:\/\/www.waterjetcorp.com\/software-cad-cam\/"},"modified":"2024-08-05T11:59:50","modified_gmt":"2024-08-05T09:59:50","slug":"logiciel-cad-cam","status":"publish","type":"page","link":"https:\/\/www.waterjetcorp.com\/fr\/logiciel-cad-cam\/","title":{"rendered":"Logiciel CAD-CAM"},"content":{"rendered":"<p>WaterCad-Cam est une solution de logiciel CAD\/CAM d\u00e9velopp\u00e9e pour automatiser la programmation<br \/>\ndes machines de d\u00e9coupe jet d\u2019eau. Dans le m\u00eame environnement de programmation, l\u2019utilisateur peut dessiner une pi\u00e8ce ou en importer le dessin par un fichier <strong>DXF<\/strong> et <strong>DWG<\/strong>, il peut consulter le stock de mat\u00e9riel, effectuer une op\u00e9ration d\u2019imbrication manuelle ou automatique, g\u00e9n\u00e9rer le programme pour le contr\u00f4le num\u00e9rique et calculer les temps et co\u00fbts de d\u00e9coupe. Dans les tableaux technologiques on peut s\u00e9lectionner <strong>EPAISSEUR DU MATERIEL<\/strong> et <strong>LE FINISSAGE<\/strong> du travail; le logiciel produit de fa\u00e7on automatique le programme ISO program (NC Code), pr\u00eat pour \u00eatre transf\u00e9r\u00e9 au CNC par <strong>ETHERNET ou USB<\/strong>.<br \/>\nLe logiciel pr\u00e9voit aussi un calculateur approximatif en relation au travail programm\u00e9 avant que les operation de d\u00e9coupe aient \u00e9t\u00e9 effectu\u00e9es en donnant les <strong>COUTS<\/strong>, le <strong>TEMPS<\/strong> et les <strong>LONGUEURS DE DECOUPE<\/strong>.<\/p>\n","protected":false},"excerpt":{"rendered":"<p>WaterCad-Cam est une solution de logiciel CAD\/CAM d\u00e9velopp\u00e9e pour automatiser la programmation des machines de d\u00e9coupe jet d\u2019eau&#8230;.<\/p>\n","protected":false},"author":1,"featured_media":3407,"parent":0,"menu_order":0,"comment_status":"closed","ping_status":"closed","template":"","meta":{"_acf_changed":false,"footnotes":""},"class_list":["post-3432","page","type-page","status-publish","has-post-thumbnail","hentry"],"acf":[],"aioseo_notices":[],"_links":{"self":[{"href":"https:\/\/www.waterjetcorp.com\/fr\/wp-json\/wp\/v2\/pages\/3432","targetHints":{"allow":["GET"]}}],"collection":[{"href":"https:\/\/www.waterjetcorp.com\/fr\/wp-json\/wp\/v2\/pages"}],"about":[{"href":"https:\/\/www.waterjetcorp.com\/fr\/wp-json\/wp\/v2\/types\/page"}],"author":[{"embeddable":true,"href":"https:\/\/www.waterjetcorp.com\/fr\/wp-json\/wp\/v2\/users\/1"}],"replies":[{"embeddable":true,"href":"https:\/\/www.waterjetcorp.com\/fr\/wp-json\/wp\/v2\/comments?post=3432"}],"version-history":[{"count":2,"href":"https:\/\/www.waterjetcorp.com\/fr\/wp-json\/wp\/v2\/pages\/3432\/revisions"}],"predecessor-version":[{"id":3642,"href":"https:\/\/www.waterjetcorp.com\/fr\/wp-json\/wp\/v2\/pages\/3432\/revisions\/3642"}],"wp:featuredmedia":[{"embeddable":true,"href":"https:\/\/www.waterjetcorp.com\/fr\/wp-json\/wp\/v2\/media\/3407"}],"wp:attachment":[{"href":"https:\/\/www.waterjetcorp.com\/fr\/wp-json\/wp\/v2\/media?parent=3432"}],"curies":[{"name":"wp","href":"https:\/\/api.w.org\/{rel}","templated":true}]}}