{"id":3437,"date":"2024-03-18T11:56:13","date_gmt":"2024-03-18T10:56:13","guid":{"rendered":"https:\/\/www.waterjetcorp.com\/careers\/"},"modified":"2024-09-06T12:46:14","modified_gmt":"2024-09-06T10:46:14","slug":"careers","status":"publish","type":"page","link":"https:\/\/www.waterjetcorp.com\/fr\/careers\/","title":{"rendered":"Careers"},"content":{"rendered":"<p>Nous sommes toujours \u00e0 la recherche de personnes dynamiques et passionn\u00e9es, d\u00e9sireuses de grandir professionnellement et de contribuer au succ\u00e8s de notre entreprise.<br \/>\nNous croyons que nos employ\u00e9s sont le moteur puissant de notre activit\u00e9.<br \/>\nChaque personne joue un r\u00f4le fondamental pour nous dans la cr\u00e9ation, la conception et la fabrication de nos machines de d\u00e9coupe par jet d&rsquo;eau.<br \/>\nSi vous \u00eates pr\u00eat \u00e0 relever le d\u00e9fi, alors vous \u00eates la personne qu\u2019il nous faut.<br \/>\nExplorez les opportunit\u00e9s disponibles et d\u00e9couvrez comment vous pouvez faire partie de Waterjet, ou envoyez-nous une <a href=\"#form-container\" title=\"Envoyez votre candidature spontan\u00e9e\" uk-scroll>candidature spontan\u00e9e<\/a>.<\/p>\n","protected":false},"excerpt":{"rendered":"<p>Nous sommes toujours \u00e0 la recherche de personnes dynamiques et passionn\u00e9es, d\u00e9sireuses de grandir professionnellement et de contribuer&#8230;<\/p>\n","protected":false},"author":1,"featured_media":3411,"parent":0,"menu_order":0,"comment_status":"closed","ping_status":"closed","template":"page-lavora-con-noi.php","meta":{"_acf_changed":false,"footnotes":""},"class_list":["post-3437","page","type-page","status-publish","has-post-thumbnail","hentry"],"acf":[],"aioseo_notices":[],"_links":{"self":[{"href":"https:\/\/www.waterjetcorp.com\/fr\/wp-json\/wp\/v2\/pages\/3437","targetHints":{"allow":["GET"]}}],"collection":[{"href":"https:\/\/www.waterjetcorp.com\/fr\/wp-json\/wp\/v2\/pages"}],"about":[{"href":"https:\/\/www.waterjetcorp.com\/fr\/wp-json\/wp\/v2\/types\/page"}],"author":[{"embeddable":true,"href":"https:\/\/www.waterjetcorp.com\/fr\/wp-json\/wp\/v2\/users\/1"}],"replies":[{"embeddable":true,"href":"https:\/\/www.waterjetcorp.com\/fr\/wp-json\/wp\/v2\/comments?post=3437"}],"version-history":[{"count":1,"href":"https:\/\/www.waterjetcorp.com\/fr\/wp-json\/wp\/v2\/pages\/3437\/revisions"}],"predecessor-version":[{"id":4832,"href":"https:\/\/www.waterjetcorp.com\/fr\/wp-json\/wp\/v2\/pages\/3437\/revisions\/4832"}],"wp:featuredmedia":[{"embeddable":true,"href":"https:\/\/www.waterjetcorp.com\/fr\/wp-json\/wp\/v2\/media\/3411"}],"wp:attachment":[{"href":"https:\/\/www.waterjetcorp.com\/fr\/wp-json\/wp\/v2\/media?parent=3437"}],"curies":[{"name":"wp","href":"https:\/\/api.w.org\/{rel}","templated":true}]}}