{"id":3438,"date":"2024-03-14T12:43:13","date_gmt":"2024-03-14T11:43:13","guid":{"rendered":"https:\/\/www.waterjetcorp.com\/contatti\/"},"modified":"2024-08-05T12:34:32","modified_gmt":"2024-08-05T10:34:32","slug":"contacts","status":"publish","type":"page","link":"https:\/\/www.waterjetcorp.com\/fr\/contacts\/","title":{"rendered":"Contacts"},"content":{"rendered":"<p>Monza est le si\u00e8ge de notre groupe, o\u00f9 la conception, la recherche, la formation, la production et le contr\u00f4le de la qualit\u00e9 travaillent ensemble pour offrir \u00e0 nos clients la meilleure exp\u00e9rience et un produit d\u2019excellence Made in Italy.<\/p>\n","protected":false},"excerpt":{"rendered":"<p>Monza est le si\u00e8ge de notre groupe, o\u00f9 la conception, la recherche, la formation, la production et le&#8230;<\/p>\n","protected":false},"author":1,"featured_media":3411,"parent":0,"menu_order":0,"comment_status":"closed","ping_status":"closed","template":"page-contatti.php","meta":{"_acf_changed":false,"footnotes":""},"class_list":["post-3438","page","type-page","status-publish","has-post-thumbnail","hentry"],"acf":[],"aioseo_notices":[],"_links":{"self":[{"href":"https:\/\/www.waterjetcorp.com\/fr\/wp-json\/wp\/v2\/pages\/3438","targetHints":{"allow":["GET"]}}],"collection":[{"href":"https:\/\/www.waterjetcorp.com\/fr\/wp-json\/wp\/v2\/pages"}],"about":[{"href":"https:\/\/www.waterjetcorp.com\/fr\/wp-json\/wp\/v2\/types\/page"}],"author":[{"embeddable":true,"href":"https:\/\/www.waterjetcorp.com\/fr\/wp-json\/wp\/v2\/users\/1"}],"replies":[{"embeddable":true,"href":"https:\/\/www.waterjetcorp.com\/fr\/wp-json\/wp\/v2\/comments?post=3438"}],"version-history":[{"count":1,"href":"https:\/\/www.waterjetcorp.com\/fr\/wp-json\/wp\/v2\/pages\/3438\/revisions"}],"predecessor-version":[{"id":3645,"href":"https:\/\/www.waterjetcorp.com\/fr\/wp-json\/wp\/v2\/pages\/3438\/revisions\/3645"}],"wp:featuredmedia":[{"embeddable":true,"href":"https:\/\/www.waterjetcorp.com\/fr\/wp-json\/wp\/v2\/media\/3411"}],"wp:attachment":[{"href":"https:\/\/www.waterjetcorp.com\/fr\/wp-json\/wp\/v2\/media?parent=3438"}],"curies":[{"name":"wp","href":"https:\/\/api.w.org\/{rel}","templated":true}]}}