{"id":3440,"date":"2024-03-14T12:43:04","date_gmt":"2024-03-14T11:43:04","guid":{"rendered":"https:\/\/www.waterjetcorp.com\/supporto\/"},"modified":"2024-08-05T12:47:10","modified_gmt":"2024-08-05T10:47:10","slug":"support","status":"publish","type":"page","link":"https:\/\/www.waterjetcorp.com\/fr\/support\/","title":{"rendered":"Support"},"content":{"rendered":"<p class=\"big\">\nWaterjet s\u2019efforce d\u2019\u00eatre un <strong>partenaire pr\u00e9sent et fiable pour ses clients<\/strong> afin de leur garantir la <strong>meilleure exp\u00e9rience<\/strong> possible de d\u00e9coupe \u00e0 l\u2019eau.\n<\/p>\n<p> C\u2019est pourquoi les machines Waterjet sont accompagn\u00e9es d\u2019<strong>un service Apr\u00e8s-Vente efficace<\/strong>, fourni par une \u00e9quipe de techniciens hautement sp\u00e9cialis\u00e9s. En effet, les techniciens suivent un programme de formation tr\u00e8s s\u00e9lectif qui forme exclusivement des op\u00e9rateurs connaissant \u00e0 la perfection les fonctionnalit\u00e9s de chaque machine vendue.<\/p>\n","protected":false},"excerpt":{"rendered":"<p>Waterjet s\u2019efforce d\u2019\u00eatre un partenaire pr\u00e9sent et fiable pour ses clients afin de leur garantir la meilleure exp\u00e9rience&#8230;<\/p>\n","protected":false},"author":1,"featured_media":3411,"parent":0,"menu_order":0,"comment_status":"closed","ping_status":"closed","template":"page-supporto.php","meta":{"_acf_changed":false,"footnotes":""},"class_list":["post-3440","page","type-page","status-publish","has-post-thumbnail","hentry"],"acf":[],"aioseo_notices":[],"_links":{"self":[{"href":"https:\/\/www.waterjetcorp.com\/fr\/wp-json\/wp\/v2\/pages\/3440","targetHints":{"allow":["GET"]}}],"collection":[{"href":"https:\/\/www.waterjetcorp.com\/fr\/wp-json\/wp\/v2\/pages"}],"about":[{"href":"https:\/\/www.waterjetcorp.com\/fr\/wp-json\/wp\/v2\/types\/page"}],"author":[{"embeddable":true,"href":"https:\/\/www.waterjetcorp.com\/fr\/wp-json\/wp\/v2\/users\/1"}],"replies":[{"embeddable":true,"href":"https:\/\/www.waterjetcorp.com\/fr\/wp-json\/wp\/v2\/comments?post=3440"}],"version-history":[{"count":2,"href":"https:\/\/www.waterjetcorp.com\/fr\/wp-json\/wp\/v2\/pages\/3440\/revisions"}],"predecessor-version":[{"id":3654,"href":"https:\/\/www.waterjetcorp.com\/fr\/wp-json\/wp\/v2\/pages\/3440\/revisions\/3654"}],"wp:featuredmedia":[{"embeddable":true,"href":"https:\/\/www.waterjetcorp.com\/fr\/wp-json\/wp\/v2\/media\/3411"}],"wp:attachment":[{"href":"https:\/\/www.waterjetcorp.com\/fr\/wp-json\/wp\/v2\/media?parent=3440"}],"curies":[{"name":"wp","href":"https:\/\/api.w.org\/{rel}","templated":true}]}}