{"id":3442,"date":"2024-03-14T12:41:57","date_gmt":"2024-03-14T11:41:57","guid":{"rendered":"https:\/\/www.waterjetcorp.com\/waterjet-corporation-a-true-manufacturer\/"},"modified":"2024-09-06T12:36:44","modified_gmt":"2024-09-06T10:36:44","slug":"waterjet-corporation-a-true-manufacturer","status":"publish","type":"page","link":"https:\/\/www.waterjetcorp.com\/fr\/waterjet-corporation-a-true-manufacturer\/","title":{"rendered":"Waterjet Corporation, A True Manufacturer"},"content":{"rendered":"<p class=\"big\">Sp\u00e9cialis\u00e9s dans la <strong>production de machines<\/strong> technologiquement avanc\u00e9es <strong>pour la d\u00e9coupe et la finition par jet d&rsquo;eau<\/strong>.<\/p>\n<p>Nous r\u00e9alisons des <strong>machines technologiquement avanc\u00e9es<\/strong> qui garantissent des <strong>standards \u00e9lev\u00e9s de pr\u00e9cision, de productivit\u00e9 et de simplicit\u00e9<\/strong> pour les op\u00e9rateurs dans divers secteurs d&rsquo;application.<\/p>\n","protected":false},"excerpt":{"rendered":"<p>Sp\u00e9cialis\u00e9s dans la production de machines technologiquement avanc\u00e9es pour la d\u00e9coupe et la finition par jet d&rsquo;eau. Nous&#8230;<\/p>\n","protected":false},"author":1,"featured_media":3411,"parent":0,"menu_order":0,"comment_status":"closed","ping_status":"closed","template":"page-azienda.php","meta":{"_acf_changed":false,"footnotes":""},"class_list":["post-3442","page","type-page","status-publish","has-post-thumbnail","hentry"],"acf":[],"aioseo_notices":[],"_links":{"self":[{"href":"https:\/\/www.waterjetcorp.com\/fr\/wp-json\/wp\/v2\/pages\/3442","targetHints":{"allow":["GET"]}}],"collection":[{"href":"https:\/\/www.waterjetcorp.com\/fr\/wp-json\/wp\/v2\/pages"}],"about":[{"href":"https:\/\/www.waterjetcorp.com\/fr\/wp-json\/wp\/v2\/types\/page"}],"author":[{"embeddable":true,"href":"https:\/\/www.waterjetcorp.com\/fr\/wp-json\/wp\/v2\/users\/1"}],"replies":[{"embeddable":true,"href":"https:\/\/www.waterjetcorp.com\/fr\/wp-json\/wp\/v2\/comments?post=3442"}],"version-history":[{"count":5,"href":"https:\/\/www.waterjetcorp.com\/fr\/wp-json\/wp\/v2\/pages\/3442\/revisions"}],"predecessor-version":[{"id":4826,"href":"https:\/\/www.waterjetcorp.com\/fr\/wp-json\/wp\/v2\/pages\/3442\/revisions\/4826"}],"wp:featuredmedia":[{"embeddable":true,"href":"https:\/\/www.waterjetcorp.com\/fr\/wp-json\/wp\/v2\/media\/3411"}],"wp:attachment":[{"href":"https:\/\/www.waterjetcorp.com\/fr\/wp-json\/wp\/v2\/media?parent=3442"}],"curies":[{"name":"wp","href":"https:\/\/api.w.org\/{rel}","templated":true}]}}