{"id":3443,"date":"2024-03-14T12:00:59","date_gmt":"2024-03-14T11:00:59","guid":{"rendered":"https:\/\/www.waterjetcorp.com\/pagina-di-esempio\/"},"modified":"2024-09-05T15:31:38","modified_gmt":"2024-09-05T13:31:38","slug":"pagina-di-esempio","status":"publish","type":"page","link":"https:\/\/www.waterjetcorp.com\/fr\/","title":{"rendered":"Your best waterjet performance"},"content":{"rendered":"<p>Sp\u00e9cialis\u00e9s dans la production de <strong>machines technologiquement avanc\u00e9es pour la d\u00e9coupe et la finition par jet d&rsquo;eau.<\/strong><\/p>\n","protected":false},"excerpt":{"rendered":"<p>Sp\u00e9cialis\u00e9s dans la production de machines technologiquement avanc\u00e9es pour la d\u00e9coupe et la finition par jet d&rsquo;eau.<\/p>\n","protected":false},"author":1,"featured_media":3445,"parent":0,"menu_order":0,"comment_status":"closed","ping_status":"closed","template":"homepage.php","meta":{"_acf_changed":false,"footnotes":""},"class_list":["post-3443","page","type-page","status-publish","has-post-thumbnail","hentry"],"acf":[],"aioseo_notices":[],"_links":{"self":[{"href":"https:\/\/www.waterjetcorp.com\/fr\/wp-json\/wp\/v2\/pages\/3443","targetHints":{"allow":["GET"]}}],"collection":[{"href":"https:\/\/www.waterjetcorp.com\/fr\/wp-json\/wp\/v2\/pages"}],"about":[{"href":"https:\/\/www.waterjetcorp.com\/fr\/wp-json\/wp\/v2\/types\/page"}],"author":[{"embeddable":true,"href":"https:\/\/www.waterjetcorp.com\/fr\/wp-json\/wp\/v2\/users\/1"}],"replies":[{"embeddable":true,"href":"https:\/\/www.waterjetcorp.com\/fr\/wp-json\/wp\/v2\/comments?post=3443"}],"version-history":[{"count":2,"href":"https:\/\/www.waterjetcorp.com\/fr\/wp-json\/wp\/v2\/pages\/3443\/revisions"}],"predecessor-version":[{"id":4743,"href":"https:\/\/www.waterjetcorp.com\/fr\/wp-json\/wp\/v2\/pages\/3443\/revisions\/4743"}],"wp:featuredmedia":[{"embeddable":true,"href":"https:\/\/www.waterjetcorp.com\/fr\/wp-json\/wp\/v2\/media\/3445"}],"wp:attachment":[{"href":"https:\/\/www.waterjetcorp.com\/fr\/wp-json\/wp\/v2\/media?parent=3443"}],"curies":[{"name":"wp","href":"https:\/\/api.w.org\/{rel}","templated":true}]}}